{"id":3870,"date":"2024-06-19T13:58:23","date_gmt":"2024-06-19T11:58:23","guid":{"rendered":"https:\/\/ima-studio.de\/?page_id=3870"},"modified":"2025-10-17T15:36:34","modified_gmt":"2025-10-17T13:36:34","slug":"events","status":"publish","type":"page","link":"https:\/\/ima-studio.de\/en\/events\/","title":{"rendered":"Events"},"content":{"rendered":"\t\t<div data-elementor-type=\"wp-page\" data-elementor-id=\"3870\" class=\"elementor elementor-3870\" data-elementor-post-type=\"page\">\n\t\t\t\t<div class=\"elementor-element elementor-element-5f90731 e-con-full e-flex e-con e-parent\" data-id=\"5f90731\" data-element_type=\"container\" data-e-type=\"container\" data-settings=\"{&quot;background_background&quot;:&quot;classic&quot;}\">\n\t\t<div class=\"elementor-element elementor-element-35e4d50 e-con-full e-flex e-con e-child\" data-id=\"35e4d50\" data-element_type=\"container\" data-e-type=\"container\" data-settings=\"{&quot;background_background&quot;:&quot;classic&quot;}\">\n\t\t\t\t<div class=\"elementor-element elementor-element-a9cdd08 elementor-widget elementor-widget-heading\" data-id=\"a9cdd08\" data-element_type=\"widget\" data-e-type=\"widget\" data-widget_type=\"heading.default\">\n\t\t\t\t<div class=\"elementor-widget-container\">\n\t\t\t\t\t<h2 class=\"elementor-heading-title elementor-size-default\">IMA Student Halloween Show<\/h2>\t\t\t\t<\/div>\n\t\t\t\t<\/div>\n\t\t\t\t<div class=\"elementor-element elementor-element-7903b5d elementor-widget elementor-widget-text-editor\" data-id=\"7903b5d\" data-element_type=\"widget\" data-e-type=\"widget\" data-widget_type=\"text-editor.default\">\n\t\t\t\t<div class=\"elementor-widget-container\">\n\t\t\t\t\t\t\t\t\t<p>Wenn sich die Nacht senkt und die Schatten tanzen, verwandelt sich unser Studio in eine B\u00fchne voller Magie, Kreativit\u00e4t und G\u00e4nsehaut! Unsere Halloween Student Show pr\u00e4sentiert beeindruckende Performances unserer talentierten Sch\u00fcler. Zu bewundern gibt es Acts in verschiedenen Disziplinen: von Aerial Hoop \u00fcber Aerial Hammock, Vertikaltuch, Trapez bis hin zu Kontorsion.<\/p><p>Erlebt eine au\u00dfergew\u00f6hnliche Mischung aus Boden- und Luftartistik \u2013 inszeniert mit kreativen Kost\u00fcmen, stimmungsvoller Beleuchtung und der unverwechselbaren Energie unserer Community.<\/p><p><strong>Showbeginn 18 Uhr<\/strong><\/p><p><strong>Einlass ab 17 Uhr<\/strong><\/p><h3><strong>Tickets:<\/strong><\/h3><ul><li><b>Mini Monster Ticket 5 \u20ac<\/b> &#8211; erm\u00e4\u00dfigter Eintritt, f\u00fcr alle, die Unterst\u00fctzung brauchen (ohne Print-Ticket)<\/li><li><b>Fullmoon Ticket regul\u00e4res Ticket 8 \u20ac<\/b> &#8211; regul\u00e4rer Eintritt (Print Ticket kann im Studio vorab oder am Tag der Veranstaltung abgeholt werden)<\/li><li><b>Vampire VIP Ticket 12 \u20ac<\/b> &#8211; f\u00fcr alle, die helfen m\u00f6chten, den Spuk am Leben zu halten (Print Ticket kann im Studio abgeholt werden)<\/li><\/ul>\t\t\t\t\t\t\t\t<\/div>\n\t\t\t\t<\/div>\n\t\t\t\t<div class=\"elementor-element elementor-element-d0f6a76 elementor-widget elementor-widget-ameliaeventslistbooking\" data-id=\"d0f6a76\" data-element_type=\"widget\" data-e-type=\"widget\" data-widget_type=\"ameliaeventslistbooking.default\">\n\t\t\t\t<div class=\"elementor-widget-container\">\n\t\t\t\t\t<script>\n  if (typeof hasAmeliaEvent === 'undefined') {\n    var hasAmeliaEvent = true;\n  }\n  if (typeof hasEventApiCall === 'undefined' && ('' === '' && '' !== '1')) {\n    var hasEventApiCall = true;\n  }\n  var hasEventShortcode = (typeof hasEventShortcode === 'undefined') ? false : true;\n  var ameliaShortcodeData = (typeof ameliaShortcodeData === 'undefined') ? [] : ameliaShortcodeData;\n  ameliaShortcodeData.push(\n    {\n      'hasApiCall': (typeof hasEventApiCall !== 'undefined') && hasEventApiCall,\n      'trigger': '',\n      'trigger_type': '',\n      'triggered_form': 'elf',\n      'in_dialog': '',\n      'counter': '1000',\n      'employee': '',\n      'eventId': '22',\n      'eventRecurring': 0,\n      'eventTag': \"\",\n      'locationId': \"\",\n      'range': \"\"\n    }\n  );\n  var ameliaShortcodeDataTriggered = (typeof ameliaShortcodeDataTriggered === 'undefined') ? [] : ameliaShortcodeDataTriggered;\n  if (ameliaShortcodeData[ameliaShortcodeData.length - 1].trigger !== '') {\n    if (ameliaShortcodeDataTriggered.filter(a => a.counter === ameliaShortcodeData[ameliaShortcodeData.length - 1].counter).length === 0) {\n      ameliaShortcodeDataTriggered.push(ameliaShortcodeData.pop());\n    } else {\n      ameliaShortcodeData.pop()\n    }\n  }\n  if (typeof hasEventApiCall !== 'undefined' && hasEventApiCall) {\n    hasEventApiCall = false;\n  }\n<\/script>\n\n<div\n  id=\"amelia-v2-booking-1000\"\n  class=\"amelia-v2-booking\"\n>\n    <events-list-form-wrapper><\/div>\n\t\t\t\t<\/div>\n\t\t\t\t<\/div>\n\t\t\t\t<\/div>\n\t\t\t\t<\/div>\n\t\t\t\t<\/div>\n\t\t","protected":false},"excerpt":{"rendered":"<p>IMA Student Halloween Show Wenn sich die Nacht senkt und die Schatten tanzen, verwandelt sich unser Studio in eine B\u00fchne voller Magie, Kreativit\u00e4t und G\u00e4nsehaut! Unsere Halloween Student Show pr\u00e4sentiert beeindruckende Performances unserer talentierten Sch\u00fcler. Zu bewundern gibt es Acts in verschiedenen Disziplinen: von Aerial Hoop \u00fcber Aerial Hammock, Vertikaltuch, Trapez bis hin zu Kontorsion. [&hellip;]<\/p>\n","protected":false},"author":1,"featured_media":0,"parent":0,"menu_order":0,"comment_status":"closed","ping_status":"closed","template":"","meta":{"_monsterinsights_skip_tracking":false,"_monsterinsights_sitenote_active":false,"_monsterinsights_sitenote_note":"","_monsterinsights_sitenote_category":0,"footnotes":""},"class_list":["post-3870","page","type-page","status-publish","hentry"],"_links":{"self":[{"href":"https:\/\/ima-studio.de\/en\/wp-json\/wp\/v2\/pages\/3870","targetHints":{"allow":["GET"]}}],"collection":[{"href":"https:\/\/ima-studio.de\/en\/wp-json\/wp\/v2\/pages"}],"about":[{"href":"https:\/\/ima-studio.de\/en\/wp-json\/wp\/v2\/types\/page"}],"author":[{"embeddable":true,"href":"https:\/\/ima-studio.de\/en\/wp-json\/wp\/v2\/users\/1"}],"replies":[{"embeddable":true,"href":"https:\/\/ima-studio.de\/en\/wp-json\/wp\/v2\/comments?post=3870"}],"version-history":[{"count":0,"href":"https:\/\/ima-studio.de\/en\/wp-json\/wp\/v2\/pages\/3870\/revisions"}],"wp:attachment":[{"href":"https:\/\/ima-studio.de\/en\/wp-json\/wp\/v2\/media?parent=3870"}],"curies":[{"name":"wp","href":"https:\/\/api.w.org\/{rel}","templated":true}]}}