{"id":60,"date":"2023-06-14T11:34:45","date_gmt":"2023-06-14T09:34:45","guid":{"rendered":"https:\/\/ima-studio.de\/?page_id=60"},"modified":"2025-11-24T16:47:27","modified_gmt":"2025-11-24T15:47:27","slug":"gutscheine","status":"publish","type":"page","link":"https:\/\/ima-studio.de\/en\/gutscheine\/","title":{"rendered":"Gift Card"},"content":{"rendered":"\t\t<div data-elementor-type=\"wp-page\" data-elementor-id=\"60\" class=\"elementor elementor-60\" data-elementor-post-type=\"page\">\n\t\t\t\t<div class=\"elementor-element elementor-element-59cd550a e-con-full e-flex e-con e-parent\" data-id=\"59cd550a\" data-element_type=\"container\" data-e-type=\"container\" data-settings=\"{&quot;background_background&quot;:&quot;gradient&quot;}\">\n\t\t<div class=\"elementor-element elementor-element-56979c85 e-con-full e-flex e-con e-child\" data-id=\"56979c85\" data-element_type=\"container\" data-e-type=\"container\" data-settings=\"{&quot;background_background&quot;:&quot;classic&quot;}\">\n\t\t\t\t<\/div>\n\t\t<div class=\"elementor-element elementor-element-5db83aaa e-con-full e-flex e-con e-child\" data-id=\"5db83aaa\" data-element_type=\"container\" data-e-type=\"container\" data-settings=\"{&quot;background_background&quot;:&quot;classic&quot;}\">\n\t\t\t\t<div class=\"elementor-element elementor-element-6a09e98d elementor-widget__width-inherit elementor-widget elementor-widget-heading\" data-id=\"6a09e98d\" data-element_type=\"widget\" data-e-type=\"widget\" data-widget_type=\"heading.default\">\n\t\t\t\t<div class=\"elementor-widget-container\">\n\t\t\t\t\t<h1 class=\"elementor-heading-title elementor-size-default\">Gutscheine<\/h1>\t\t\t\t<\/div>\n\t\t\t\t<\/div>\n\t\t\t\t<div class=\"elementor-element elementor-element-f16f84e elementor-widget__width-initial elementor-widget elementor-widget-text-editor\" data-id=\"f16f84e\" data-element_type=\"widget\" data-e-type=\"widget\" data-widget_type=\"text-editor.default\">\n\t\t\t\t<div class=\"elementor-widget-container\">\n\t\t\t\t\t\t\t\t\t<p>Verschenke Freude!<\/p>\t\t\t\t\t\t\t\t<\/div>\n\t\t\t\t<\/div>\n\t\t\t\t<div class=\"elementor-element elementor-element-7d2495ee elementor-widget-tablet__width-inherit elementor-widget elementor-widget-text-editor\" data-id=\"7d2495ee\" data-element_type=\"widget\" data-e-type=\"widget\" data-widget_type=\"text-editor.default\">\n\t\t\t\t<div class=\"elementor-widget-container\">\n\t\t\t\t\t\t\t\t\t<p>Unsere Online Gutscheine \u00fcber einen beliebigen Wert sind in Sekunden erstellt und ausgedruckt oder per E-Mail verschickt. Sie sind 3 Jahre g\u00fcltig und k\u00f6nnen f\u00fcr alle Luftakrobatik &amp; Stretching Klassen, Workshops, Privatstunden und Online Kurse eingel\u00f6st werden.<\/p><p>Alternativ k\u00f6nnen Print Gutscheine auch vor Ort gekauft werden.<\/p>\t\t\t\t\t\t\t\t<\/div>\n\t\t\t\t<\/div>\n\t\t\t\t<\/div>\n\t\t\t\t<\/div>\n\t\t<div class=\"elementor-element elementor-element-e2667ef e-flex e-con-boxed e-con e-parent\" data-id=\"e2667ef\" data-element_type=\"container\" data-e-type=\"container\" data-settings=\"{&quot;background_background&quot;:&quot;classic&quot;}\">\n\t\t\t\t\t<div class=\"e-con-inner\">\n\t\t\t\t<div class=\"elementor-element elementor-element-1fa6840a elementor-widget elementor-widget-text-editor\" data-id=\"1fa6840a\" data-element_type=\"widget\" data-e-type=\"widget\" data-widget_type=\"text-editor.default\">\n\t\t\t\t<div class=\"elementor-widget-container\">\n\t\t\t\t\t\t\t\t\t<div data-eversports-widget-id=\"7796db47-d616-40db-b033-5a536c0ff6a2\"><br \/><!--F\u00fcge das Skript nur einmal pro Seite ein.--><\/div><p><script type=\"module\" src=\"https:\/\/widget-static.eversports.io\/loader.js\" async defer><\/script><\/p>\t\t\t\t\t\t\t\t<\/div>\n\t\t\t\t<\/div>\n\t\t\t\t\t<\/div>\n\t\t\t\t<\/div>\n\t\t<div class=\"elementor-element elementor-element-6587b334 e-flex e-con-boxed e-con e-parent\" data-id=\"6587b334\" data-element_type=\"container\" data-e-type=\"container\" data-settings=\"{&quot;background_background&quot;:&quot;classic&quot;}\">\n\t\t\t\t\t<div class=\"e-con-inner\">\n\t\t\t\t<div class=\"elementor-element elementor-element-62ecdb2c elementor-widget__width-initial e-n-tabs-none elementor-widget elementor-widget-n-tabs\" data-id=\"62ecdb2c\" data-element_type=\"widget\" data-e-type=\"widget\" data-settings=\"{&quot;tabs_justify_horizontal_mobile&quot;:&quot;stretch&quot;,&quot;tabs_justify_horizontal&quot;:&quot;stretch&quot;,&quot;horizontal_scroll&quot;:&quot;disable&quot;}\" data-widget_type=\"nested-tabs.default\">\n\t\t\t\t<div class=\"elementor-widget-container\">\n\t\t\t\t\t\t\t<div class=\"e-n-tabs\" data-widget-number=\"1659689772\" aria-label=\"Tabs. Open items with Enter or Space, close with Escape and navigate using the Arrow keys.\">\n\t\t\t<div class=\"e-n-tabs-heading\" role=\"tablist\">\n\t\t\t\t\t<button id=\"e-n-tab-title-16596897721\" data-tab-title-id=\"e-n-tab-title-16596897721\" class=\"e-n-tab-title\" aria-selected=\"true\" data-tab-index=\"1\" role=\"tab\" tabindex=\"0\" aria-controls=\"e-n-tab-content-16596897721\" style=\"--n-tabs-title-order: 1;\">\n\t\t\t\t\t<span class=\"e-n-tab-icon\">\n\t\t\t<svg aria-hidden=\"true\" class=\"e-font-icon-svg e-fas-chevron-down\" viewBox=\"0 0 448 512\" xmlns=\"http:\/\/www.w3.org\/2000\/svg\"><path d=\"M207.029 381.476L12.686 187.132c-9.373-9.373-9.373-24.569 0-33.941l22.667-22.667c9.357-9.357 24.522-9.375 33.901-.04L224 284.505l154.745-154.021c9.379-9.335 24.544-9.317 33.901.04l22.667 22.667c9.373 9.373 9.373 24.569 0 33.941L240.971 381.476c-9.373 9.372-24.569 9.372-33.942 0z\"><\/path><\/svg>\t\t\t<svg aria-hidden=\"true\" class=\"e-font-icon-svg e-fas-info-circle\" viewBox=\"0 0 512 512\" xmlns=\"http:\/\/www.w3.org\/2000\/svg\"><path d=\"M256 8C119.043 8 8 119.083 8 256c0 136.997 111.043 248 248 248s248-111.003 248-248C504 119.083 392.957 8 256 8zm0 110c23.196 0 42 18.804 42 42s-18.804 42-42 42-42-18.804-42-42 18.804-42 42-42zm56 254c0 6.627-5.373 12-12 12h-88c-6.627 0-12-5.373-12-12v-24c0-6.627 5.373-12 12-12h12v-64h-12c-6.627 0-12-5.373-12-12v-24c0-6.627 5.373-12 12-12h64c6.627 0 12 5.373 12 12v100h12c6.627 0 12 5.373 12 12v24z\"><\/path><\/svg>\t\t<\/span>\n\t\t\t\t\t<span class=\"e-n-tab-title-text\">\n\t\t\t\tGutschein kaufen\t\t\t<\/span>\n\t\t<\/button>\n\t\t\t\t<button id=\"e-n-tab-title-16596897722\" data-tab-title-id=\"e-n-tab-title-16596897722\" class=\"e-n-tab-title\" aria-selected=\"false\" data-tab-index=\"2\" role=\"tab\" tabindex=\"-1\" aria-controls=\"e-n-tab-content-16596897722\" style=\"--n-tabs-title-order: 2;\">\n\t\t\t\t\t<span class=\"e-n-tab-icon\">\n\t\t\t<svg aria-hidden=\"true\" class=\"e-font-icon-svg e-fas-chevron-down\" viewBox=\"0 0 448 512\" xmlns=\"http:\/\/www.w3.org\/2000\/svg\"><path d=\"M207.029 381.476L12.686 187.132c-9.373-9.373-9.373-24.569 0-33.941l22.667-22.667c9.357-9.357 24.522-9.375 33.901-.04L224 284.505l154.745-154.021c9.379-9.335 24.544-9.317 33.901.04l22.667 22.667c9.373 9.373 9.373 24.569 0 33.941L240.971 381.476c-9.373 9.372-24.569 9.372-33.942 0z\"><\/path><\/svg>\t\t\t<svg aria-hidden=\"true\" class=\"e-font-icon-svg e-fas-info-circle\" viewBox=\"0 0 512 512\" xmlns=\"http:\/\/www.w3.org\/2000\/svg\"><path d=\"M256 8C119.043 8 8 119.083 8 256c0 136.997 111.043 248 248 248s248-111.003 248-248C504 119.083 392.957 8 256 8zm0 110c23.196 0 42 18.804 42 42s-18.804 42-42 42-42-18.804-42-42 18.804-42 42-42zm56 254c0 6.627-5.373 12-12 12h-88c-6.627 0-12-5.373-12-12v-24c0-6.627 5.373-12 12-12h12v-64h-12c-6.627 0-12-5.373-12-12v-24c0-6.627 5.373-12 12-12h64c6.627 0 12 5.373 12 12v100h12c6.627 0 12 5.373 12 12v24z\"><\/path><\/svg>\t\t<\/span>\n\t\t\t\t\t<span class=\"e-n-tab-title-text\">\n\t\t\t\tGutschein einl\u00f6sen\t\t\t<\/span>\n\t\t<\/button>\n\t\t\t\t\t<\/div>\n\t\t\t<div class=\"e-n-tabs-content\">\n\t\t\t\t<div id=\"e-n-tab-content-16596897721\" role=\"tabpanel\" aria-labelledby=\"e-n-tab-title-16596897721\" data-tab-index=\"1\" style=\"--n-tabs-title-order: 1;\" class=\"e-active elementor-element elementor-element-30ab42e6 e-con-full e-flex e-con e-child\" data-id=\"30ab42e6\" data-element_type=\"container\" data-e-type=\"container\" data-settings=\"{&quot;background_background&quot;:&quot;classic&quot;}\">\n\t\t<div class=\"elementor-element elementor-element-3bc3066 e-con-full e-flex e-con e-child\" data-id=\"3bc3066\" data-element_type=\"container\" data-e-type=\"container\" data-settings=\"{&quot;background_background&quot;:&quot;classic&quot;}\">\n\t\t\t\t<div class=\"elementor-element elementor-element-fcd684c elementor-widget elementor-widget-heading\" data-id=\"fcd684c\" data-element_type=\"widget\" data-e-type=\"widget\" data-widget_type=\"heading.default\">\n\t\t\t\t<div class=\"elementor-widget-container\">\n\t\t\t\t\t<h2 class=\"elementor-heading-title elementor-size-default\">Gutschein kaufen<\/h2>\t\t\t\t<\/div>\n\t\t\t\t<\/div>\n\t\t\t\t<div class=\"elementor-element elementor-element-5b40cd3 elementor-position-right elementor-vertical-align-top elementor-widget elementor-widget-image-box\" data-id=\"5b40cd3\" data-element_type=\"widget\" data-e-type=\"widget\" data-widget_type=\"image-box.default\">\n\t\t\t\t<div class=\"elementor-widget-container\">\n\t\t\t\t\t<div class=\"elementor-image-box-wrapper\"><figure class=\"elementor-image-box-img\"><img fetchpriority=\"high\" decoding=\"async\" width=\"1024\" height=\"573\" src=\"https:\/\/ima-studio.de\/wp-content\/uploads\/2023\/07\/Gutschein-kaufen.png\" class=\"elementor-animation-grow attachment-full size-full wp-image-1509\" alt=\"\" srcset=\"https:\/\/ima-studio.de\/wp-content\/uploads\/2023\/07\/Gutschein-kaufen.png 1024w, https:\/\/ima-studio.de\/wp-content\/uploads\/2023\/07\/Gutschein-kaufen-600x336.png 600w, https:\/\/ima-studio.de\/wp-content\/uploads\/2023\/07\/Gutschein-kaufen-300x168.png 300w, https:\/\/ima-studio.de\/wp-content\/uploads\/2023\/07\/Gutschein-kaufen-768x430.png 768w\" sizes=\"(max-width: 1024px) 100vw, 1024px\" \/><\/figure><div class=\"elementor-image-box-content\"><h4 class=\"elementor-image-box-title\">Gutschein aussuchen<\/h4><p class=\"elementor-image-box-description\">   1.  W\u00e4hle <strong>ein Foto<\/strong> f\u00fcr die Geschenkkarte aus<br>\n   2. Gib den <strong>Wert<\/strong> der Geschenkkarte an<br>\n   3. F\u00fcge eine <strong>pers\u00f6nliche Nachricht<\/strong> auf der Geschenkkarte hinzu. <strong>Wichtig:<\/strong> Es ist nicht m\u00f6glich, Smileys\/Emoticons in den Text einzuf\u00fcgen. Dies w\u00fcrde eine Fehlermeldung verursachen, wenn Du auf WEITER klickst.<\/p><\/div><\/div>\t\t\t\t<\/div>\n\t\t\t\t<\/div>\n\t\t\t\t<div class=\"elementor-element elementor-element-0a247d5 elementor-position-right elementor-vertical-align-top elementor-widget elementor-widget-image-box\" data-id=\"0a247d5\" data-element_type=\"widget\" data-e-type=\"widget\" data-widget_type=\"image-box.default\">\n\t\t\t\t<div class=\"elementor-widget-container\">\n\t\t\t\t\t<div class=\"elementor-image-box-wrapper\"><figure class=\"elementor-image-box-img\"><img decoding=\"async\" width=\"2542\" height=\"1026\" src=\"https:\/\/ima-studio.de\/wp-content\/uploads\/2023\/07\/Gutschein-erwerben.png\" class=\"elementor-animation-grow attachment-full size-full wp-image-1508\" alt=\"\" srcset=\"https:\/\/ima-studio.de\/wp-content\/uploads\/2023\/07\/Gutschein-erwerben.png 2542w, https:\/\/ima-studio.de\/wp-content\/uploads\/2023\/07\/Gutschein-erwerben-600x242.png 600w, https:\/\/ima-studio.de\/wp-content\/uploads\/2023\/07\/Gutschein-erwerben-300x121.png 300w, https:\/\/ima-studio.de\/wp-content\/uploads\/2023\/07\/Gutschein-erwerben-1024x413.png 1024w, https:\/\/ima-studio.de\/wp-content\/uploads\/2023\/07\/Gutschein-erwerben-768x310.png 768w, https:\/\/ima-studio.de\/wp-content\/uploads\/2023\/07\/Gutschein-erwerben-1536x620.png 1536w, https:\/\/ima-studio.de\/wp-content\/uploads\/2023\/07\/Gutschein-erwerben-2048x827.png 2048w, https:\/\/ima-studio.de\/wp-content\/uploads\/2023\/07\/Gutschein-erwerben-1320x533.png 1320w\" sizes=\"(max-width: 2542px) 100vw, 2542px\" \/><\/figure><div class=\"elementor-image-box-content\"><h3 class=\"elementor-image-box-title\">Gutschein bezahlen<\/h3><p class=\"elementor-image-box-description\">Nachdem Du auf WEITER geklickt hast, siehst Du eine Zusammenfassung der Geschenkkarte, einschlie\u00dflich der Bedingungen und der G\u00fcltigkeit (3 Jahre). Sobald Du ein Zahlungsmittel hinzugef\u00fcgt hast, kannst Du auf BEZAHLEN klicken.<\/p><\/div><\/div>\t\t\t\t<\/div>\n\t\t\t\t<\/div>\n\t\t\t\t<div class=\"elementor-element elementor-element-255768e elementor-position-right elementor-vertical-align-top elementor-widget elementor-widget-image-box\" data-id=\"255768e\" data-element_type=\"widget\" data-e-type=\"widget\" data-widget_type=\"image-box.default\">\n\t\t\t\t<div class=\"elementor-widget-container\">\n\t\t\t\t\t<div class=\"elementor-image-box-wrapper\"><figure class=\"elementor-image-box-img\"><img decoding=\"async\" width=\"1622\" height=\"1176\" src=\"https:\/\/ima-studio.de\/wp-content\/uploads\/2023\/07\/Gutschein-ausdrucken.png\" class=\"elementor-animation-grow attachment-full size-full wp-image-1510\" alt=\"\" srcset=\"https:\/\/ima-studio.de\/wp-content\/uploads\/2023\/07\/Gutschein-ausdrucken.png 1622w, https:\/\/ima-studio.de\/wp-content\/uploads\/2023\/07\/Gutschein-ausdrucken-600x435.png 600w, https:\/\/ima-studio.de\/wp-content\/uploads\/2023\/07\/Gutschein-ausdrucken-300x218.png 300w, https:\/\/ima-studio.de\/wp-content\/uploads\/2023\/07\/Gutschein-ausdrucken-1024x742.png 1024w, https:\/\/ima-studio.de\/wp-content\/uploads\/2023\/07\/Gutschein-ausdrucken-768x557.png 768w, https:\/\/ima-studio.de\/wp-content\/uploads\/2023\/07\/Gutschein-ausdrucken-1536x1114.png 1536w, https:\/\/ima-studio.de\/wp-content\/uploads\/2023\/07\/Gutschein-ausdrucken-1320x957.png 1320w\" sizes=\"(max-width: 1622px) 100vw, 1622px\" \/><\/figure><div class=\"elementor-image-box-content\"><h3 class=\"elementor-image-box-title\">Gutschein empfangen und weitergeben<\/h3><p class=\"elementor-image-box-description\">Nach dem Kauf erh\u00e4ltst Du die Rechnung per E-Mail. In dieser E-Mail kannst Du dann die Geschenkkarte herunterladen, um sie auszudrucken oder an die Person Deiner Wahl zu schicken.\nDu kannst den Text noch \u00e4ndern, indem Du einen Doppelklick auf die wei\u00dfe Fl\u00e4che machst, die dann gr\u00fcn wird.<\/p><\/div><\/div>\t\t\t\t<\/div>\n\t\t\t\t<\/div>\n\t\t\t\t<div class=\"elementor-element elementor-element-7f74f8a elementor-position-right elementor-vertical-align-top elementor-widget elementor-widget-image-box\" data-id=\"7f74f8a\" data-element_type=\"widget\" data-e-type=\"widget\" data-widget_type=\"image-box.default\">\n\t\t\t\t<div class=\"elementor-widget-container\">\n\t\t\t\t\t<div class=\"elementor-image-box-wrapper\"><figure class=\"elementor-image-box-img\"><img loading=\"lazy\" decoding=\"async\" width=\"1976\" height=\"1236\" src=\"https:\/\/ima-studio.de\/wp-content\/uploads\/2023\/07\/Gutschein-drucken.png\" class=\"elementor-animation-grow attachment-full size-full wp-image-1511\" alt=\"\" srcset=\"https:\/\/ima-studio.de\/wp-content\/uploads\/2023\/07\/Gutschein-drucken.png 1976w, https:\/\/ima-studio.de\/wp-content\/uploads\/2023\/07\/Gutschein-drucken-600x375.png 600w, https:\/\/ima-studio.de\/wp-content\/uploads\/2023\/07\/Gutschein-drucken-300x188.png 300w, https:\/\/ima-studio.de\/wp-content\/uploads\/2023\/07\/Gutschein-drucken-1024x641.png 1024w, https:\/\/ima-studio.de\/wp-content\/uploads\/2023\/07\/Gutschein-drucken-768x480.png 768w, https:\/\/ima-studio.de\/wp-content\/uploads\/2023\/07\/Gutschein-drucken-1536x961.png 1536w, https:\/\/ima-studio.de\/wp-content\/uploads\/2023\/07\/Gutschein-drucken-1320x826.png 1320w\" sizes=\"(max-width: 1976px) 100vw, 1976px\" \/><\/figure><div class=\"elementor-image-box-content\"><h3 class=\"elementor-image-box-title\">Gutschein ausdrucken oder per E-Mail versenden<\/h3><p class=\"elementor-image-box-description\">Danach kannst Du den Gutschein speichern und drucken.\nWenn Du auf Drucken klickst, kannst Du :\n<br><br>\n    Deinen Drucker ausw\u00e4hlen oder\n<br>\n    ein PDF speichern, um es per E-Mail zu versenden\n <\/p><\/div><\/div>\t\t\t\t<\/div>\n\t\t\t\t<\/div>\n\t\t\t\t<\/div>\n\t\t\t\t<\/div>\n\t\t<div id=\"e-n-tab-content-16596897722\" role=\"tabpanel\" aria-labelledby=\"e-n-tab-title-16596897722\" data-tab-index=\"2\" style=\"--n-tabs-title-order: 2;\" class=\" elementor-element elementor-element-887ec26 e-flex e-con-boxed e-con e-child\" data-id=\"887ec26\" data-element_type=\"container\" data-e-type=\"container\" data-settings=\"{&quot;background_background&quot;:&quot;classic&quot;}\">\n\t\t\t\t\t<div class=\"e-con-inner\">\n\t\t<div class=\"elementor-element elementor-element-c8e748b e-con-full e-flex e-con e-child\" data-id=\"c8e748b\" data-element_type=\"container\" data-e-type=\"container\" data-settings=\"{&quot;background_background&quot;:&quot;classic&quot;}\">\n\t\t\t\t<div class=\"elementor-element elementor-element-607b856 elementor-widget elementor-widget-heading\" data-id=\"607b856\" data-element_type=\"widget\" data-e-type=\"widget\" data-widget_type=\"heading.default\">\n\t\t\t\t<div class=\"elementor-widget-container\">\n\t\t\t\t\t<h2 class=\"elementor-heading-title elementor-size-default\">Gutschein einl\u00f6sen<\/h2>\t\t\t\t<\/div>\n\t\t\t\t<\/div>\n\t\t\t\t<div class=\"elementor-element elementor-element-82528e5 elementor-widget__width-initial elementor-widget elementor-widget-text-editor\" data-id=\"82528e5\" data-element_type=\"widget\" data-e-type=\"widget\" data-widget_type=\"text-editor.default\">\n\t\t\t\t<div class=\"elementor-widget-container\">\n\t\t\t\t\t\t\t\t\t<p><strong>Online \u00fcber Eversports gekaufte Gutscheine k\u00f6nnen direkt beim Kauf von Kursen oder Blockkarten verrechnet werden.<\/strong><\/p><p>W\u00e4hle dazu auf unserer <a href=\"https:\/\/ima-studio.de\/kursplan\/\" target=\"_blank\" rel=\"noopener\"><span style=\"text-decoration: underline;\">Kursplan Seite<\/span><\/a> einen Kurs oder eine Blockkarte und gib vor der Zahlung den Gutscheincode in das entsprechende Feld ein:<\/p><ul><li>Auf unserer Webseite Gutschein hinzuf\u00fcgen, ANWENDEN klicken und anschlie\u00dfend WEITER<\/li><li>In der Eversports App: \u201eGutscheincode eingeben\u201c und \u00dcBERNEHMEN klicken)<\/li><\/ul><p>\u00a0<\/p><p>Je nach Wert Deines Produkts und der Geschenkkarte kannst Du:<\/p><ul><li>den Gesamtbetrag des Produkts mit dem Gesamtbetrag des Gutscheins bezahlen<\/li><li>einen Teil des Produkts mit dem Gesamtbetrag des Gutscheins bezahlen und eine Zahlungsmethode hinzuf\u00fcgen, um den Restbetrag zu bezahlen<\/li><li>den Gesamtbetrag des Produkts mit einem Teil des Gutscheins bezahlen und das verbleibende Guthaben f\u00fcr einen zuk\u00fcnftigen Kauf verwenden<\/li><\/ul>\t\t\t\t\t\t\t\t<\/div>\n\t\t\t\t<\/div>\n\t\t\t\t<\/div>\n\t\t\t\t\t<\/div>\n\t\t\t\t<\/div>\n\t\t\t\t\t<\/div>\n\t\t<\/div>\n\t\t\t\t\t\t<\/div>\n\t\t\t\t<\/div>\n\t\t\t\t<div class=\"elementor-element elementor-element-f0480e0 elementor-widget elementor-widget-menu-anchor\" data-id=\"f0480e0\" data-element_type=\"widget\" data-e-type=\"widget\" data-widget_type=\"menu-anchor.default\">\n\t\t\t\t<div class=\"elementor-widget-container\">\n\t\t\t\t\t\t\t<div class=\"elementor-menu-anchor\" id=\"print\"><\/div>\n\t\t\t\t\t\t<\/div>\n\t\t\t\t<\/div>\n\t\t\t\t\t<\/div>\n\t\t\t\t<\/div>\n\t\t<div class=\"elementor-element elementor-element-8502d48 e-flex e-con-boxed e-con e-parent\" data-id=\"8502d48\" data-element_type=\"container\" data-e-type=\"container\" data-settings=\"{&quot;background_background&quot;:&quot;classic&quot;}\">\n\t\t\t\t\t<div class=\"e-con-inner\">\n\t\t<div class=\"elementor-element elementor-element-cde2e27 e-flex e-con-boxed e-con e-child\" data-id=\"cde2e27\" data-element_type=\"container\" data-e-type=\"container\" data-settings=\"{&quot;background_background&quot;:&quot;classic&quot;}\">\n\t\t\t\t\t<div class=\"e-con-inner\">\n\t\t\t\t<div class=\"elementor-element elementor-element-55d5285 elementor-widget elementor-widget-heading\" data-id=\"55d5285\" data-element_type=\"widget\" data-e-type=\"widget\" data-widget_type=\"heading.default\">\n\t\t\t\t<div class=\"elementor-widget-container\">\n\t\t\t\t\t<h2 class=\"elementor-heading-title elementor-size-default\">Print Gutschein online kaufen - vor Ort abholen<\/h2>\t\t\t\t<\/div>\n\t\t\t\t<\/div>\n\t\t\t\t<div class=\"elementor-element elementor-element-09e9e68 elementor-widget elementor-widget-catalogbooking\" data-id=\"09e9e68\" data-element_type=\"widget\" data-e-type=\"widget\" data-widget_type=\"catalogbooking.default\">\n\t\t\t\t<div class=\"elementor-widget-container\">\n\t\t\t\t\t\n<script>\n  if (typeof hasAmeliaEntitiesApiCall === 'undefined' && ('' === '' && '' !== '1')) {\n    var hasAmeliaEntitiesApiCall = true;\n  }\n  var ameliaShortcodeData = (typeof ameliaShortcodeData === 'undefined') ? [] : ameliaShortcodeData;\n  ameliaShortcodeData.push(\n    {\n      'hasApiCall': (typeof hasAmeliaEntitiesApiCall !== 'undefined') && hasAmeliaEntitiesApiCall,\n      'trigger': '',\n      'trigger_type': '',\n      'triggered_form': 'cbf',\n      'in_dialog': '',\n      'show': '',\n      'counter': '1000',\n      'package': '17,18',\n      'category': '',\n      'service': '',\n      'employee': '',\n      'location': '',\n      'categories_hidden': '1'\n    }\n  );\n  var ameliaShortcodeDataTriggered = (typeof ameliaShortcodeDataTriggered === 'undefined') ? [] : ameliaShortcodeDataTriggered;\n  if (ameliaShortcodeData[ameliaShortcodeData.length - 1].trigger !== '') {\n    if (ameliaShortcodeDataTriggered.filter(a => a.counter === ameliaShortcodeData[ameliaShortcodeData.length - 1].counter).length === 0) {\n      ameliaShortcodeDataTriggered.push(ameliaShortcodeData.pop());\n    } else {\n      ameliaShortcodeData.pop()\n    }\n  }\n  if (typeof hasAmeliaEntitiesApiCall !== 'undefined' && hasAmeliaEntitiesApiCall) {\n    hasAmeliaEntitiesApiCall = false;\n  }\n<\/script>\n\n<div\n  id=\"amelia-v2-booking-1000\"\n  class=\"amelia-v2-booking\"\n>\n    <catalog-form-wrapper><\/catalog-form-wrapper><\/div>\n\t\t\t\t<\/div>\n\t\t\t\t<\/div>\n\t\t\t\t\t<\/div>\n\t\t\t\t<\/div>\n\t\t\t\t\t<\/div>\n\t\t\t\t<\/div>\n\t\t\t\t<\/div>\n\t\t","protected":false},"excerpt":{"rendered":"<p>Gutscheine Verschenke Freude! Unsere Online Gutscheine \u00fcber einen beliebigen Wert sind in Sekunden erstellt und ausgedruckt oder per E-Mail verschickt. Sie sind 3 Jahre g\u00fcltig und k\u00f6nnen f\u00fcr alle Luftakrobatik &amp; Stretching Klassen, Workshops, Privatstunden und Online Kurse eingel\u00f6st werden. Alternativ k\u00f6nnen Print Gutscheine auch vor Ort gekauft werden. Gutschein kaufen Gutschein einl\u00f6sen Gutschein kaufen [&hellip;]<\/p>\n","protected":false},"author":1,"featured_media":0,"parent":0,"menu_order":0,"comment_status":"closed","ping_status":"closed","template":"","meta":{"_monsterinsights_skip_tracking":false,"_monsterinsights_sitenote_active":false,"_monsterinsights_sitenote_note":"","_monsterinsights_sitenote_category":0,"footnotes":""},"class_list":["post-60","page","type-page","status-publish","hentry"],"_links":{"self":[{"href":"https:\/\/ima-studio.de\/en\/wp-json\/wp\/v2\/pages\/60","targetHints":{"allow":["GET"]}}],"collection":[{"href":"https:\/\/ima-studio.de\/en\/wp-json\/wp\/v2\/pages"}],"about":[{"href":"https:\/\/ima-studio.de\/en\/wp-json\/wp\/v2\/types\/page"}],"author":[{"embeddable":true,"href":"https:\/\/ima-studio.de\/en\/wp-json\/wp\/v2\/users\/1"}],"replies":[{"embeddable":true,"href":"https:\/\/ima-studio.de\/en\/wp-json\/wp\/v2\/comments?post=60"}],"version-history":[{"count":0,"href":"https:\/\/ima-studio.de\/en\/wp-json\/wp\/v2\/pages\/60\/revisions"}],"wp:attachment":[{"href":"https:\/\/ima-studio.de\/en\/wp-json\/wp\/v2\/media?parent=60"}],"curies":[{"name":"wp","href":"https:\/\/api.w.org\/{rel}","templated":true}]}}