{"id":6842,"date":"2025-06-16T14:14:40","date_gmt":"2025-06-16T12:14:40","guid":{"rendered":"https:\/\/ima-studio.de\/?page_id=6842"},"modified":"2025-06-16T15:23:13","modified_gmt":"2025-06-16T13:23:13","slug":"teilnahmebedingungen-gewinnspiel","status":"publish","type":"page","link":"https:\/\/ima-studio.de\/en\/teilnahmebedingungen-gewinnspiel\/","title":{"rendered":"Teilnahmebedingungen Gewinnspiel"},"content":{"rendered":"<div data-elementor-type=\"wp-page\" data-elementor-id=\"6842\" class=\"elementor elementor-6842\" data-elementor-post-type=\"page\">\n\t\t\t\t<div class=\"elementor-element elementor-element-632c926 e-flex e-con-boxed e-con e-parent\" data-id=\"632c926\" data-element_type=\"container\" data-e-type=\"container\">\n\t\t\t\t\t<div class=\"e-con-inner\">\n\t\t\t\t<div class=\"elementor-element elementor-element-e4e777a elementor-widget-divider--view-line elementor-widget elementor-widget-divider\" data-id=\"e4e777a\" data-element_type=\"widget\" data-e-type=\"widget\" data-widget_type=\"divider.default\">\n\t\t\t\t<div class=\"elementor-widget-container\">\n\t\t\t\t\t\t\t<div class=\"elementor-divider\">\n\t\t\t<span class=\"elementor-divider-separator\">\n\t\t\t\t\t\t<\/span>\n\t\t<\/div>\n\t\t\t\t\t\t<\/div>\n\t\t\t\t<\/div>\n\t\t\t\t\t<\/div>\n\t\t\t\t<\/div>\n\t\t<div class=\"elementor-element elementor-element-79eb517b e-flex e-con-boxed e-con e-parent\" data-id=\"79eb517b\" data-element_type=\"container\" data-e-type=\"container\" data-settings=\"{&quot;background_background&quot;:&quot;classic&quot;}\">\n\t\t\t\t\t<div class=\"e-con-inner\">\n\t\t<div class=\"elementor-element elementor-element-29f4e383 e-flex e-con-boxed e-con e-child\" data-id=\"29f4e383\" data-element_type=\"container\" data-e-type=\"container\" data-settings=\"{&quot;background_background&quot;:&quot;classic&quot;}\">\n\t\t\t\t\t<div class=\"e-con-inner\">\n\t\t\t\t<div class=\"elementor-element elementor-element-3852e5da elementor-widget elementor-widget-heading\" data-id=\"3852e5da\" data-element_type=\"widget\" data-e-type=\"widget\" data-widget_type=\"heading.default\">\n\t\t\t\t<div class=\"elementor-widget-container\">\n\t\t\t\t\t<h3 class=\"elementor-heading-title elementor-size-default\">Conditions of participation in raffles<\/h3>\t\t\t\t<\/div>\n\t\t\t\t<\/div>\n\t\t\t\t<div class=\"elementor-element elementor-element-4cb73a78 elementor-widget elementor-widget-text-editor\" data-id=\"4cb73a78\" data-element_type=\"widget\" data-e-type=\"widget\" data-widget_type=\"text-editor.default\">\n\t\t\t\t<div class=\"elementor-widget-container\">\n\t\t\t\t\t\t\t\t\t<p><strong>1. Organizer &amp; Eligibility<\/strong><br>The organizer of the competition is the IMA Intentional Movement Academy (hereinafter \u201cIMA\u201d), Uferstra\u00dfe 6, 13357 Berlin. All natural persons over the age of 18 who are registered on Instagram and reside in Germany are eligible to participate.<br><strong>2. Ablauf des Gewinnspiels<\/strong><br>Das Gewinnspiel beginnt mit Ver\u00f6ffentlichung des entsprechenden Beitrags auf dem Instagram-Kanal von IMA (@ima.berlin) und endet zum im Beitrag genannten Zeitpunkt. Die Teilnahme erfolgt durch die im Beitrag beschriebenen Handlungen (z.\u202fB. Kommentieren, Folgen, Teilen etc.). Nach Ablauf der Gewinnspieldauer, wird die GewinnerIn durch Zufallsziehung ausgelost und \u00fcber Instagram benachrichtigt.<br><strong>3. Gewinne und Gewinnbenachrichtigung<\/strong><br>Die Gewinner werden nach Ablauf des Teilnahmezeitraums per Direktnachricht auf Instagram oder Facebook benachrichtigt. Der Gewinn wird entweder per Post an eine vom Gewinner anzugebende Adresse versendet oder bei entsprechender Ank\u00fcndigung pers\u00f6nlich vor Ort \u00fcbergeben.<br>Eine Barauszahlung oder \u00dcbertragung des Gewinns auf Dritte ist ausgeschlossen. Meldet sich der Gewinner nicht innerhalb von 48 Stunden auf die Gewinnbenachrichtigung, verf\u00e4llt der Gewinn. In diesem Fall wird ein neuer Gewinner ermittelt.<br><strong>4. Ausschluss von der Teilnahme<\/strong><br>Die IMA beh\u00e4lt sich das Recht vor, TeilnehmerInnen bei Verst\u00f6\u00dfen gegen diese Teilnahmebedingungen, insbesondere bei falschen Angaben, Manipulation oder der Nutzung unerlaubter Hilfsmittel, vom Gewinnspiel auszuschlie\u00dfen.<br><strong>5. Rechte an Inhalten \/ Einwilligung zur Nutzung<\/strong><br>Mit der Teilnahme willigst Du ein, dass wir Deinen Namen sowie Dein Instagram- oder Facebook-Profil speichern und verwenden d\u00fcrfen, um das Gewinnspiel durchzuf\u00fchren und Dich im Falle eines Gewinns zu benachrichtigen.<br>Du willigst zudem ein, dass von Dir ver\u00f6ffentlichte Storys, Reels oder Posts im Zusammenhang mit dem Gewinnspiel (z.\u202fB. unter Verwendung eines bestimmten Hashtags oder in der Markierung der IMA) von uns auf unseren Social-Media-Kan\u00e4len geteilt werden d\u00fcrfen.<br>Diese Einwilligung kannst Du jederzeit mit Wirkung f\u00fcr die Zukunft widerrufen. Ein Widerruf f\u00fchrt jedoch zum Ausschluss von der Teilnahme am Gewinnspiel.<br><strong>6. Datenschutz<\/strong><br>Die im Rahmen des Gewinnspiels von uns erhobenen personenbezogenen Daten (Name, Social-Media-Profil, ggf. Adresse f\u00fcr den Versand) werden ausschlie\u00dflich zur Durchf\u00fchrung des Gewinnspiels verwendet und im Anschluss gel\u00f6scht, sofern keine gesetzliche Aufbewahrungspflicht besteht.<br>Weitere Informationen zum Datenschutz findest Du unter:https:\/\/ima-studio.de\/datenschutzerklaerung\/<br><strong>7. Sonstiges<\/strong><br>Das Gewinnspiel steht in keiner Verbindung zu Instagram oder Facebook und wird in keiner Weise von diesen Plattformen gesponsert, unterst\u00fctzt oder organisiert. Ansprechpartner und Verantwortlicher ist allein die IMA.<br>Die IMA \u2013 Intentional Movement Academy beh\u00e4lt sich vor, ein Gewinnspiel jederzeit vorzeitig zu beenden oder anzupassen, sofern unvorhersehbare Umst\u00e4nde dies erforderlich machen. Dies kann insbesondere bei technischen St\u00f6rungen, rechtlichen Hindernissen oder sonstigen Ereignissen der Fall sein, die den geplanten Ablauf beeintr\u00e4chtigen oder unm\u00f6glich machen.<br>Dar\u00fcber hinaus k\u00f6nnen diese Teilnahmebedingungen bei Bedarf ge\u00e4ndert oder erg\u00e4nzt werden \u2013 etwa zur Klarstellung, rechtlichen Anpassung oder Verbesserung der Abl\u00e4ufe. Sollte eine einzelne Regelung unwirksam sein, bleibt die G\u00fcltigkeit der \u00fcbrigen Bestimmungen unber\u00fchrt.<br>F\u00fcr technische Ausf\u00e4lle, insbesondere bei der Daten\u00fcbertragung, \u00fcbernimmt die IMA keine Haftung.<br><strong>8. Rechtsweg und Haftung<\/strong><br>Der Rechtsweg ist ausgeschlossen. Die IMA haftet nicht f\u00fcr technische oder sonstige Probleme, die au\u00dferhalb ihres Einflussbereichs liegen. Es gilt das Recht der Bundesrepublik Deutschland.<\/p>\n<p style=\"text-align: right;\"><em>Stand 01.04.2025&nbsp;<\/em><\/p>\t\t\t\t\t\t\t\t<\/div>\n\t\t\t\t<\/div>\n\t\t\t\t\t<\/div>\n\t\t\t\t<\/div>\n\t\t\t\t\t<\/div>\n\t\t\t\t<\/div>\n\t\t\t\t<\/div>","protected":false},"excerpt":{"rendered":"<p>Teilnahmebedingungen Gewinnspiele 1. Veranstalter &amp; TeilnahmeberechtigungVeranstalterin des Gewinnspiels ist die IMA Intentional Movement Academy (nachfolgend &#8222;IMA&#8220;), Uferstra\u00dfe 6, 13357 Berlin. Teilnahmeberechtigt sind alle nat\u00fcrlichen Personen, die das 18. Lebensjahr vollendet haben, auf Instagram registriert sind und ihren Wohnsitz in Deutschland haben.2. Ablauf des GewinnspielsDas Gewinnspiel beginnt mit Ver\u00f6ffentlichung des entsprechenden Beitrags auf dem Instagram-Kanal von [&hellip;]<\/p>\n","protected":false},"author":1,"featured_media":0,"parent":0,"menu_order":0,"comment_status":"closed","ping_status":"closed","template":"","meta":{"_monsterinsights_skip_tracking":false,"_monsterinsights_sitenote_active":false,"_monsterinsights_sitenote_note":"","_monsterinsights_sitenote_category":0,"footnotes":""},"class_list":["post-6842","page","type-page","status-publish","hentry"],"_links":{"self":[{"href":"https:\/\/ima-studio.de\/en\/wp-json\/wp\/v2\/pages\/6842","targetHints":{"allow":["GET"]}}],"collection":[{"href":"https:\/\/ima-studio.de\/en\/wp-json\/wp\/v2\/pages"}],"about":[{"href":"https:\/\/ima-studio.de\/en\/wp-json\/wp\/v2\/types\/page"}],"author":[{"embeddable":true,"href":"https:\/\/ima-studio.de\/en\/wp-json\/wp\/v2\/users\/1"}],"replies":[{"embeddable":true,"href":"https:\/\/ima-studio.de\/en\/wp-json\/wp\/v2\/comments?post=6842"}],"version-history":[{"count":0,"href":"https:\/\/ima-studio.de\/en\/wp-json\/wp\/v2\/pages\/6842\/revisions"}],"wp:attachment":[{"href":"https:\/\/ima-studio.de\/en\/wp-json\/wp\/v2\/media?parent=6842"}],"curies":[{"name":"wp","href":"https:\/\/api.w.org\/{rel}","templated":true}]}}