{"id":7212,"date":"2025-11-18T11:05:47","date_gmt":"2025-11-18T10:05:47","guid":{"rendered":"https:\/\/ima-studio.de\/?page_id=7212"},"modified":"2025-12-19T11:14:56","modified_gmt":"2025-12-19T10:14:56","slug":"adventskalender","status":"publish","type":"page","link":"https:\/\/ima-studio.de\/en\/adventskalender\/","title":{"rendered":"Advent Calendar"},"content":{"rendered":"<div class=\"wp-block-group has-background is-layout-constrained wp-container-core-group-is-layout-63351e40 wp-block-group-is-layout-constrained\" style=\"background-color:#9b0b0b;margin-top:0px;margin-bottom:0px;padding-top:80px;padding-right:10px;padding-bottom:80px;padding-left:5px\">\n<h1 class=\"wp-block-heading has-text-align-center has-white-color has-text-color has-link-color wp-elements-84d7d2772baf625cd6b4625b8b30735f\">IMA Advent calendar<\/h1>\n\n\n\n<p class=\"has-text-align-center has-white-color has-text-color has-link-color wp-elements-3b5325ae61da9f27d52f19e9c179e22d\" style=\"padding-right:20px;padding-left:20px\">We would like to say THANK YOU to our community for the first 6 months in our new studio! We want to reward your loyalty with little surprises and make your Advent season a happy one. Stop by every day and discover gifts, discounts and more... <\/p>\n\n\n\n<div class=\"wp-block-super-advent-calendar-advent-calendar superac is-style-christmas has-background\" style=\"background-color:#9d0707\">\n\n\n\n\n\n\n\n\n\n\n\n\n\n\n\n\n\n\n\n\n\n\n\n\n\n\n\n\n\n\n\n\n\n\n\n\n\n\n\n\n\n\n\n\n\n<\/div>\n<\/div>\n\n\n\n<p><\/p>","protected":false},"excerpt":{"rendered":"<p>IMA Adventskalender Wir sagen DANKE an unsere Community f\u00fcr die ersten 6 Monate in unserem neuen Studio! Mit kleinen \u00dcberraschungen wollen wir Deine Treue belohnen und dir eine sch\u00f6ne Adventszeit bereiten. Schau jeden Tag vorbei und entdecke Geschenke, Discounts und mehr&#8230;<\/p>","protected":false},"author":1,"featured_media":0,"parent":0,"menu_order":0,"comment_status":"closed","ping_status":"closed","template":"elementor_theme","meta":{"_monsterinsights_skip_tracking":false,"_monsterinsights_sitenote_active":false,"_monsterinsights_sitenote_note":"","_monsterinsights_sitenote_category":0,"footnotes":""},"class_list":["post-7212","page","type-page","status-publish","hentry"],"_links":{"self":[{"href":"https:\/\/ima-studio.de\/en\/wp-json\/wp\/v2\/pages\/7212","targetHints":{"allow":["GET"]}}],"collection":[{"href":"https:\/\/ima-studio.de\/en\/wp-json\/wp\/v2\/pages"}],"about":[{"href":"https:\/\/ima-studio.de\/en\/wp-json\/wp\/v2\/types\/page"}],"author":[{"embeddable":true,"href":"https:\/\/ima-studio.de\/en\/wp-json\/wp\/v2\/users\/1"}],"replies":[{"embeddable":true,"href":"https:\/\/ima-studio.de\/en\/wp-json\/wp\/v2\/comments?post=7212"}],"version-history":[{"count":0,"href":"https:\/\/ima-studio.de\/en\/wp-json\/wp\/v2\/pages\/7212\/revisions"}],"wp:attachment":[{"href":"https:\/\/ima-studio.de\/en\/wp-json\/wp\/v2\/media?parent=7212"}],"curies":[{"name":"wp","href":"https:\/\/api.w.org\/{rel}","templated":true}]}}